{"id":839,"date":"2022-08-30T11:42:45","date_gmt":"2022-08-30T11:42:45","guid":{"rendered":"http:\/\/itsjal.com\/newrestaurant\/?page_id=839"},"modified":"2022-09-01T09:40:15","modified_gmt":"2022-09-01T09:40:15","slug":"news","status":"publish","type":"page","link":"https:\/\/itsjal.com\/newrestaurant\/index.php\/news\/","title":{"rendered":"News"},"content":{"rendered":"\t\t<div data-elementor-type=\"wp-page\" data-elementor-id=\"839\" class=\"elementor elementor-839\">\n\t\t\t\t\t\t\t\t\t<section class=\"elementor-section elementor-top-section elementor-element elementor-element-c393bb1 elementor-section-height-min-height elementor-section-boxed elementor-section-height-default elementor-section-items-middle\" data-id=\"c393bb1\" data-element_type=\"section\" data-settings=\"{&quot;background_background&quot;:&quot;classic&quot;}\">\n\t\t\t\t\t\t\t<div class=\"elementor-background-overlay\"><\/div>\n\t\t\t\t\t\t\t<div class=\"elementor-container elementor-column-gap-default\">\n\t\t\t\t\t<div class=\"elementor-column elementor-col-100 elementor-top-column elementor-element elementor-element-19ada07\" data-id=\"19ada07\" data-element_type=\"column\">\n\t\t\t<div class=\"elementor-widget-wrap elementor-element-populated\">\n\t\t\t\t\t\t\t\t<div class=\"elementor-element elementor-element-a9bfc0e elementor-widget elementor-widget-heading\" data-id=\"a9bfc0e\" data-element_type=\"widget\" data-widget_type=\"heading.default\">\n\t\t\t\t<div class=\"elementor-widget-container\">\n\t\t\t<style>\/*! elementor - v3.7.2 - 21-08-2022 *\/\n.elementor-heading-title{padding:0;margin:0;line-height:1}.elementor-widget-heading .elementor-heading-title[class*=elementor-size-]>a{color:inherit;font-size:inherit;line-height:inherit}.elementor-widget-heading .elementor-heading-title.elementor-size-small{font-size:15px}.elementor-widget-heading .elementor-heading-title.elementor-size-medium{font-size:19px}.elementor-widget-heading .elementor-heading-title.elementor-size-large{font-size:29px}.elementor-widget-heading .elementor-heading-title.elementor-size-xl{font-size:39px}.elementor-widget-heading .elementor-heading-title.elementor-size-xxl{font-size:59px}<\/style><h2 class=\"elementor-heading-title elementor-size-default\">NEWS<\/h2>\t\t<\/div>\n\t\t\t\t<\/div>\n\t\t\t\t\t<\/div>\n\t\t<\/div>\n\t\t\t\t\t\t\t<\/div>\n\t\t<\/section>\n\t\t\t\t<section class=\"elementor-section elementor-top-section elementor-element elementor-element-560619b elementor-section-boxed elementor-section-height-default elementor-section-height-default\" data-id=\"560619b\" data-element_type=\"section\" data-settings=\"{&quot;background_background&quot;:&quot;classic&quot;}\">\n\t\t\t\t\t\t\t<div class=\"elementor-background-overlay\"><\/div>\n\t\t\t\t\t\t\t<div class=\"elementor-container elementor-column-gap-default\">\n\t\t\t\t\t<div class=\"elementor-column elementor-col-100 elementor-top-column elementor-element elementor-element-b4df1b0\" data-id=\"b4df1b0\" data-element_type=\"column\">\n\t\t\t<div class=\"elementor-widget-wrap elementor-element-populated\">\n\t\t\t\t\t\t\t\t<div class=\"elementor-element elementor-element-1781b90 elementor-widget elementor-widget-elementskit-blog-posts\" data-id=\"1781b90\" data-element_type=\"widget\" data-widget_type=\"elementskit-blog-posts.default\">\n\t\t\t\t<div class=\"elementor-widget-container\">\n\t\t\t<div class=\"ekit-wid-con\" >        <div id=\"post-items--1781b90\" class=\"row post-items\">\n                    <div class=\"col-lg-4 col-md-6\">\n\n                                    <div class=\"elementskit-post-image-card\">\n                        <div class=\"elementskit-entry-header\">\n                            \n                            \n\t\t\t\t\t\t\t\t\t\t\t\t\t<\/div><!-- .elementskit-entry-header END -->\n\n\t\t\t\t\t\t<div class=\"elementskit-post-body \">\n\t\t\t\t\t\t\t\n\t\t\t\t\t\t\t\t\t\t\t\t\t\t\t\t\t\t\t\t\t\t\t\t\t\t\t\t\t\t\n\t\t\t\t\t\t\t\t\n\t\t\t\t\t\t\t\t\t\t\t\t\t\t\t\t\t\t\t\t\t<h2 class=\"entry-title\">\n\t\t\t\t\t<a href=\"https:\/\/itsjal.com\/newrestaurant\/index.php\/2026\/03\/22\/var-texnologiyasi-nec-islyir-v-azrbaycanda-ttbiqi\/\">\n\t\t\t\t\t\tVAR Texnologiyas\u0131 Nec\u0259 \u0130\u015fl\u0259yir v\u0259 Az\u0259rbaycanda T\u0259tbiqi\t\t\t\t\t<\/a>\n\t\t\t\t<\/h2>\n\t\t\t\t\t\t\t\t\t\t\t\t\t\t\t\t\t\t\t\t\t\t\t\t\t\t\t\t\t\t\t\t\t\t\t\t\t\t\t\t\t\t<p>VAR Texnologiyas\u0131 Nec\u0259 \u0130\u015fl\u0259yir v\u0259 Az\u0259rbaycanda T\u0259tbiqi Video K\u00f6m\u0259k\u00e7i Arbitr&hellip;<\/p>\n\t\t\t\t\t\t\t\t\t\t\t\t\t\t\t\t\t\t\t\t\t\t                                                            <div class=\"btn-wraper\">\n                                    \n                                                                            <a href=\"https:\/\/itsjal.com\/newrestaurant\/index.php\/2026\/03\/22\/var-texnologiyasi-nec-islyir-v-azrbaycanda-ttbiqi\/\" class=\"elementskit-btn  whitespace--normal\" >\n                                                                                    Read More                                        <\/a>\n                                                                    <\/div>\n                                                    <\/div><!-- .elementskit-post-body END -->\n                    <\/div>\n                \n            <\/div>\n                    <div class=\"col-lg-4 col-md-6\">\n\n                                    <div class=\"elementskit-post-image-card\">\n                        <div class=\"elementskit-entry-header\">\n                            \n                            \n\t\t\t\t\t\t\t\t\t\t\t\t\t<\/div><!-- .elementskit-entry-header END -->\n\n\t\t\t\t\t\t<div class=\"elementskit-post-body \">\n\t\t\t\t\t\t\t\n\t\t\t\t\t\t\t\t\t\t\t\t\t\t\t\t\t\t\t\t\t\t\t\t\t\t\t\t\t\t\n\t\t\t\t\t\t\t\t\n\t\t\t\t\t\t\t\t\t\t\t\t\t\t\t\t\t\t\t\t\t<h2 class=\"entry-title\">\n\t\t\t\t\t<a href=\"https:\/\/itsjal.com\/newrestaurant\/index.php\/2026\/03\/17\/mostbet-baxis-platformanin-sahibkarliq-thlili\/\">\n\t\t\t\t\t\tMostbet Bax\u0131\u015f &#8211; Platforman\u0131n Sahibkarl\u0131q T\u0259hlili\t\t\t\t\t<\/a>\n\t\t\t\t<\/h2>\n\t\t\t\t\t\t\t\t\t\t\t\t\t\t\t\t\t\t\t\t\t\t\t\t\t\t\t\t\t\t\t\t\t\t\t\t\t\t\t\t\t\t<p>Mostbet Bax\u0131\u015f &#8211; Platforman\u0131n Sahibkarl\u0131q T\u0259hlili Mostbet Platformas\u0131na Sahibkarl\u0131q G\u00f6z\u00fc&hellip;<\/p>\n\t\t\t\t\t\t\t\t\t\t\t\t\t\t\t\t\t\t\t\t\t\t                                                            <div class=\"btn-wraper\">\n                                    \n                                                                            <a href=\"https:\/\/itsjal.com\/newrestaurant\/index.php\/2026\/03\/17\/mostbet-baxis-platformanin-sahibkarliq-thlili\/\" class=\"elementskit-btn  whitespace--normal\" >\n                                                                                    Read More                                        <\/a>\n                                                                    <\/div>\n                                                    <\/div><!-- .elementskit-post-body END -->\n                    <\/div>\n                \n            <\/div>\n                    <div class=\"col-lg-4 col-md-6\">\n\n                                    <div class=\"elementskit-post-image-card\">\n                        <div class=\"elementskit-entry-header\">\n                            \n                            \n\t\t\t\t\t\t\t\t\t\t\t\t\t<\/div><!-- .elementskit-entry-header END -->\n\n\t\t\t\t\t\t<div class=\"elementskit-post-body \">\n\t\t\t\t\t\t\t\n\t\t\t\t\t\t\t\t\t\t\t\t\t\t\t\t\t\t\t\t\t\t\t\t\t\t\t\t\t\t\n\t\t\t\t\t\t\t\t\n\t\t\t\t\t\t\t\t\t\t\t\t\t\t\t\t\t\t\t\t\t<h2 class=\"entry-title\">\n\t\t\t\t\t<a href=\"https:\/\/itsjal.com\/newrestaurant\/index.php\/2026\/03\/17\/%d0%bf%d1%80%d0%be%d1%81%d1%82%d0%b8%d1%82%d1%83%d1%82%d0%ba%d0%b8-%d0%bb%d1%8c%d0%b2%d0%be%d0%b2%d0%b0-%d0%be%d1%81%d0%be%d0%b1%d0%b5%d0%bd%d0%bd%d0%be%d1%81%d1%82%d0%b8-%d1%80%d1%8b%d0%bd%d0%ba\/\">\n\t\t\t\t\t\t\u041f\u0440\u043e\u0441\u0442\u0438\u0442\u0443\u0442\u043a\u0438 \u041b\u044c\u0432\u043e\u0432\u0430: \u043e\u0441\u043e\u0431\u0435\u043d\u043d\u043e\u0441\u0442\u0438 \u0440\u044b\u043d\u043a\u0430 \u0438 \u0441\u043e\u0446\u0438\u0430\u043b\u044c\u043d\u044b\u0435 \u0430\u0441\u043f\u0435\u043a\u0442\u044b\t\t\t\t\t<\/a>\n\t\t\t\t<\/h2>\n\t\t\t\t\t\t\t\t\t\t\t\t\t\t\t\t\t\t\t\t\t\t\t\t\t\t\t\t\t\t\t\t\t\t\t\t\t\t\t\t\t\t<p>\u0412\u0432\u0435\u0434\u0435\u043d\u0438\u0435 \u0432 \u043f\u0440\u043e\u0431\u043b\u0435\u043c\u0443 \u041f\u0440\u043e\u0441\u0442\u0438\u0442\u0443\u0446\u0438\u044f \u0432 \u041b\u044c\u0432\u043e\u0432\u0435 \u043e\u0441\u0442\u0430\u0435\u0442\u0441\u044f \u043e\u0434\u043d\u043e\u0439 \u0438\u0437 \u0430\u043a\u0442\u0443\u0430\u043b\u044c\u043d\u044b\u0445&hellip;<\/p>\n\t\t\t\t\t\t\t\t\t\t\t\t\t\t\t\t\t\t\t\t\t\t                                                            <div class=\"btn-wraper\">\n                                    \n                                                                            <a href=\"https:\/\/itsjal.com\/newrestaurant\/index.php\/2026\/03\/17\/%d0%bf%d1%80%d0%be%d1%81%d1%82%d0%b8%d1%82%d1%83%d1%82%d0%ba%d0%b8-%d0%bb%d1%8c%d0%b2%d0%be%d0%b2%d0%b0-%d0%be%d1%81%d0%be%d0%b1%d0%b5%d0%bd%d0%bd%d0%be%d1%81%d1%82%d0%b8-%d1%80%d1%8b%d0%bd%d0%ba\/\" class=\"elementskit-btn  whitespace--normal\" >\n                                                                                    Read More                                        <\/a>\n                                                                    <\/div>\n                                                    <\/div><!-- .elementskit-post-body END -->\n                    <\/div>\n                \n            <\/div>\n                <\/div>\n       <\/div>\t\t<\/div>\n\t\t\t\t<\/div>\n\t\t\t\t\t<\/div>\n\t\t<\/div>\n\t\t\t\t\t\t\t<\/div>\n\t\t<\/section>\n\t\t\t\t\t\t\t<\/div>\n\t\t","protected":false},"excerpt":{"rendered":"<p>NEWS Lorem Ipsum is simply dummy text of the printing and typesetting industry. Lorem Ipsum has been the industry&#8217;s standard dummy text ever&hellip; Read More Lorem Ipsum is simply dummy text of the printing and typesetting industry. Lorem Ipsum has been the industry&#8217;s standard dummy text ever&hellip; Read More Lorem Ipsum is simply dummy text &hellip;<\/p>\n<p class=\"read-more\"> <a class=\"\" href=\"https:\/\/itsjal.com\/newrestaurant\/index.php\/2026\/03\/17\/%d0%bf%d1%80%d0%be%d1%81%d1%82%d0%b8%d1%82%d1%83%d1%82%d0%ba%d0%b8-%d0%bb%d1%8c%d0%b2%d0%be%d0%b2%d0%b0-%d0%be%d1%81%d0%be%d0%b1%d0%b5%d0%bd%d0%bd%d0%be%d1%81%d1%82%d0%b8-%d1%80%d1%8b%d0%bd%d0%ba\/\"> <span class=\"screen-reader-text\">\u041f\u0440\u043e\u0441\u0442\u0438\u0442\u0443\u0442\u043a\u0438 \u041b\u044c\u0432\u043e\u0432\u0430: \u043e\u0441\u043e\u0431\u0435\u043d\u043d\u043e\u0441\u0442\u0438 \u0440\u044b\u043d\u043a\u0430 \u0438 \u0441\u043e\u0446\u0438\u0430\u043b\u044c\u043d\u044b\u0435 \u0430\u0441\u043f\u0435\u043a\u0442\u044b<\/span> Read More &raquo;<\/a><\/p>\n","protected":false},"author":1,"featured_media":0,"parent":0,"menu_order":0,"comment_status":"closed","ping_status":"closed","template":"","meta":{"om_disable_all_campaigns":false,"_mi_skip_tracking":false,"site-sidebar-layout":"no-sidebar","site-content-layout":"page-builder","ast-global-header-display":"","ast-main-header-display":"","ast-hfb-above-header-display":"","ast-hfb-below-header-display":"","ast-hfb-mobile-header-display":"","site-post-title":"disabled","ast-breadcrumbs-content":"","ast-featured-img":"disabled","footer-sml-layout":"","theme-transparent-header-meta":"","adv-header-id-meta":"","stick-header-meta":"","header-above-stick-meta":"","header-main-stick-meta":"","header-below-stick-meta":""},"aioseo_notices":[],"_links":{"self":[{"href":"https:\/\/itsjal.com\/newrestaurant\/index.php\/wp-json\/wp\/v2\/pages\/839"}],"collection":[{"href":"https:\/\/itsjal.com\/newrestaurant\/index.php\/wp-json\/wp\/v2\/pages"}],"about":[{"href":"https:\/\/itsjal.com\/newrestaurant\/index.php\/wp-json\/wp\/v2\/types\/page"}],"author":[{"embeddable":true,"href":"https:\/\/itsjal.com\/newrestaurant\/index.php\/wp-json\/wp\/v2\/users\/1"}],"replies":[{"embeddable":true,"href":"https:\/\/itsjal.com\/newrestaurant\/index.php\/wp-json\/wp\/v2\/comments?post=839"}],"version-history":[{"count":33,"href":"https:\/\/itsjal.com\/newrestaurant\/index.php\/wp-json\/wp\/v2\/pages\/839\/revisions"}],"predecessor-version":[{"id":1056,"href":"https:\/\/itsjal.com\/newrestaurant\/index.php\/wp-json\/wp\/v2\/pages\/839\/revisions\/1056"}],"wp:attachment":[{"href":"https:\/\/itsjal.com\/newrestaurant\/index.php\/wp-json\/wp\/v2\/media?parent=839"}],"curies":[{"name":"wp","href":"https:\/\/api.w.org\/{rel}","templated":true}]}}